{"id":10890,"date":"2021-01-04T15:03:30","date_gmt":"2021-01-04T08:03:30","guid":{"rendered":"https:\/\/amber.edu.vn\/?page_id=10890"},"modified":"2021-10-14T15:35:50","modified_gmt":"2021-10-14T08:35:50","slug":"home-page-2021","status":"publish","type":"page","link":"https:\/\/amber.edu.vn\/en\/home-page-2021\/","title":{"rendered":"Home Page 2021"},"content":{"rendered":"","protected":false},"excerpt":{"rendered":"","protected":false},"author":9,"featured_media":0,"parent":0,"menu_order":0,"comment_status":"closed","ping_status":"closed","template":"pages\/homepage2021.php","meta":{"footnotes":""},"acf":[],"yoast_head":"<!-- This site is optimized with the Yoast SEO plugin v22.1 - https:\/\/yoast.com\/wordpress\/plugins\/seo\/ -->\n<title>Amber Online Education: C\u00f4ng ty C\u1ed5 ph\u1ea7n Gi\u00e1o d\u1ee5c Amber Academy<\/title>\n<meta name=\"description\" content=\"Amber t\u1ef1 h\u00e0o l\u00e0 \u0111\u01a1n v\u1ecb duy nh\u1ea5t cung c\u1ea5p gi\u1ea3i ph\u00e1p h\u1ec7 sinh th\u00e1i \u0111\u00e0o t\u1ea1o tr\u1ef1c tuy\u1ebfn cho doanh nghi\u1ec7p g\u1ed3m d\u1ecbch v\u1ee5 s\u1ed1 ho\u00e1 n\u1ed9i dung, h\u1ec7 th\u1ed1ng qu\u1ea3n l\u00fd \u0111\u00e0o t\u1ea1o LMS v\u00e0 ch\u01b0\u01a1ng tr\u00ecnh \u0111\u00e0o t\u1ea1o tr\u1ef1c tuy\u1ebfn Gamelearn.\" \/>\n<meta name=\"robots\" content=\"index, follow, max-snippet:-1, max-image-preview:large, max-video-preview:-1\" \/>\n<link rel=\"canonical\" href=\"https:\/\/amber.edu.vn\/en\/home-page-2021\/\" \/>\n<meta property=\"og:locale\" content=\"en_US\" \/>\n<meta property=\"og:type\" content=\"article\" \/>\n<meta property=\"og:title\" content=\"Amber Online Education: C\u00f4ng ty C\u1ed5 ph\u1ea7n Gi\u00e1o d\u1ee5c Amber Academy\" \/>\n<meta property=\"og:description\" content=\"Amber t\u1ef1 h\u00e0o l\u00e0 \u0111\u01a1n v\u1ecb duy nh\u1ea5t cung c\u1ea5p gi\u1ea3i ph\u00e1p h\u1ec7 sinh th\u00e1i \u0111\u00e0o t\u1ea1o tr\u1ef1c tuy\u1ebfn cho doanh nghi\u1ec7p g\u1ed3m d\u1ecbch v\u1ee5 s\u1ed1 ho\u00e1 n\u1ed9i dung, h\u1ec7 th\u1ed1ng qu\u1ea3n l\u00fd \u0111\u00e0o t\u1ea1o LMS v\u00e0 ch\u01b0\u01a1ng tr\u00ecnh \u0111\u00e0o t\u1ea1o tr\u1ef1c tuy\u1ebfn Gamelearn.\" \/>\n<meta property=\"og:url\" content=\"https:\/\/amber.edu.vn\/en\/home-page-2021\/\" \/>\n<meta property=\"og:site_name\" content=\"Amber Online Education\" \/>\n<meta property=\"article:modified_time\" content=\"2021-10-14T08:35:50+00:00\" \/>\n<meta property=\"og:image\" content=\"https:\/\/amber.edu.vn\/wp-content\/uploads\/2021\/03\/Asset-79.png\" \/>\n\t<meta property=\"og:image:width\" content=\"1487\" \/>\n\t<meta property=\"og:image:height\" content=\"837\" \/>\n\t<meta property=\"og:image:type\" content=\"image\/png\" \/>\n<meta name=\"twitter:card\" content=\"summary_large_image\" \/>\n<script type=\"application\/ld+json\" class=\"yoast-schema-graph\">{\"@context\":\"https:\/\/schema.org\",\"@graph\":[{\"@type\":\"WebPage\",\"@id\":\"https:\/\/amber.edu.vn\/home-page-2021\/\",\"url\":\"https:\/\/amber.edu.vn\/home-page-2021\/\",\"name\":\"Amber Online Education: C\u00f4ng ty C\u1ed5 ph\u1ea7n Gi\u00e1o d\u1ee5c Amber Academy\",\"isPartOf\":{\"@id\":\"https:\/\/amber.edu.vn\/#website\"},\"datePublished\":\"2021-01-04T08:03:30+00:00\",\"dateModified\":\"2021-10-14T08:35:50+00:00\",\"description\":\"Amber t\u1ef1 h\u00e0o l\u00e0 \u0111\u01a1n v\u1ecb duy nh\u1ea5t cung c\u1ea5p gi\u1ea3i ph\u00e1p h\u1ec7 sinh th\u00e1i \u0111\u00e0o t\u1ea1o tr\u1ef1c tuy\u1ebfn cho doanh nghi\u1ec7p g\u1ed3m d\u1ecbch v\u1ee5 s\u1ed1 ho\u00e1 n\u1ed9i dung, h\u1ec7 th\u1ed1ng qu\u1ea3n l\u00fd \u0111\u00e0o t\u1ea1o LMS v\u00e0 ch\u01b0\u01a1ng tr\u00ecnh \u0111\u00e0o t\u1ea1o tr\u1ef1c tuy\u1ebfn Gamelearn.\",\"breadcrumb\":{\"@id\":\"https:\/\/amber.edu.vn\/home-page-2021\/#breadcrumb\"},\"inLanguage\":\"en-US\",\"potentialAction\":[{\"@type\":\"ReadAction\",\"target\":[\"https:\/\/amber.edu.vn\/home-page-2021\/\"]}]},{\"@type\":\"BreadcrumbList\",\"@id\":\"https:\/\/amber.edu.vn\/home-page-2021\/#breadcrumb\",\"itemListElement\":[{\"@type\":\"ListItem\",\"position\":1,\"name\":\"Home\",\"item\":\"https:\/\/amber.edu.vn\/\"},{\"@type\":\"ListItem\",\"position\":2,\"name\":\"Home Page 2021\"}]},{\"@type\":\"WebSite\",\"@id\":\"https:\/\/amber.edu.vn\/#website\",\"url\":\"https:\/\/amber.edu.vn\/\",\"name\":\"Amber Online Education\",\"description\":\"\",\"publisher\":{\"@id\":\"https:\/\/amber.edu.vn\/#organization\"},\"potentialAction\":[{\"@type\":\"SearchAction\",\"target\":{\"@type\":\"EntryPoint\",\"urlTemplate\":\"https:\/\/amber.edu.vn\/?s={search_term_string}\"},\"query-input\":\"required name=search_term_string\"}],\"inLanguage\":\"en-US\"},{\"@type\":\"Organization\",\"@id\":\"https:\/\/amber.edu.vn\/#organization\",\"name\":\"Amber Online Education\",\"url\":\"https:\/\/amber.edu.vn\/\",\"logo\":{\"@type\":\"ImageObject\",\"inLanguage\":\"en-US\",\"@id\":\"https:\/\/amber.edu.vn\/#\/schema\/logo\/image\/\",\"url\":\"https:\/\/amber.edu.vn\/wp-content\/uploads\/2021\/10\/hlogo-4.png\",\"contentUrl\":\"https:\/\/amber.edu.vn\/wp-content\/uploads\/2021\/10\/hlogo-4.png\",\"width\":114,\"height\":53,\"caption\":\"Amber Online Education\"},\"image\":{\"@id\":\"https:\/\/amber.edu.vn\/#\/schema\/logo\/image\/\"}}]}<\/script>\n<!-- \/ Yoast SEO plugin. -->","yoast_head_json":{"title":"Amber Online Education: C\u00f4ng ty C\u1ed5 ph\u1ea7n Gi\u00e1o d\u1ee5c Amber Academy","description":"Amber t\u1ef1 h\u00e0o l\u00e0 \u0111\u01a1n v\u1ecb duy nh\u1ea5t cung c\u1ea5p gi\u1ea3i ph\u00e1p h\u1ec7 sinh th\u00e1i \u0111\u00e0o t\u1ea1o tr\u1ef1c tuy\u1ebfn cho doanh nghi\u1ec7p g\u1ed3m d\u1ecbch v\u1ee5 s\u1ed1 ho\u00e1 n\u1ed9i dung, h\u1ec7 th\u1ed1ng qu\u1ea3n l\u00fd \u0111\u00e0o t\u1ea1o LMS v\u00e0 ch\u01b0\u01a1ng tr\u00ecnh \u0111\u00e0o t\u1ea1o tr\u1ef1c tuy\u1ebfn Gamelearn.","robots":{"index":"index","follow":"follow","max-snippet":"max-snippet:-1","max-image-preview":"max-image-preview:large","max-video-preview":"max-video-preview:-1"},"canonical":"https:\/\/amber.edu.vn\/en\/home-page-2021\/","og_locale":"en_US","og_type":"article","og_title":"Amber Online Education: C\u00f4ng ty C\u1ed5 ph\u1ea7n Gi\u00e1o d\u1ee5c Amber Academy","og_description":"Amber t\u1ef1 h\u00e0o l\u00e0 \u0111\u01a1n v\u1ecb duy nh\u1ea5t cung c\u1ea5p gi\u1ea3i ph\u00e1p h\u1ec7 sinh th\u00e1i \u0111\u00e0o t\u1ea1o tr\u1ef1c tuy\u1ebfn cho doanh nghi\u1ec7p g\u1ed3m d\u1ecbch v\u1ee5 s\u1ed1 ho\u00e1 n\u1ed9i dung, h\u1ec7 th\u1ed1ng qu\u1ea3n l\u00fd \u0111\u00e0o t\u1ea1o LMS v\u00e0 ch\u01b0\u01a1ng tr\u00ecnh \u0111\u00e0o t\u1ea1o tr\u1ef1c tuy\u1ebfn Gamelearn.","og_url":"https:\/\/amber.edu.vn\/en\/home-page-2021\/","og_site_name":"Amber Online Education","article_modified_time":"2021-10-14T08:35:50+00:00","og_image":[{"width":1487,"height":837,"url":"https:\/\/amber.edu.vn\/wp-content\/uploads\/2021\/03\/Asset-79.png","type":"image\/png"}],"twitter_card":"summary_large_image","schema":{"@context":"https:\/\/schema.org","@graph":[{"@type":"WebPage","@id":"https:\/\/amber.edu.vn\/home-page-2021\/","url":"https:\/\/amber.edu.vn\/home-page-2021\/","name":"Amber Online Education: C\u00f4ng ty C\u1ed5 ph\u1ea7n Gi\u00e1o d\u1ee5c Amber Academy","isPartOf":{"@id":"https:\/\/amber.edu.vn\/#website"},"datePublished":"2021-01-04T08:03:30+00:00","dateModified":"2021-10-14T08:35:50+00:00","description":"Amber t\u1ef1 h\u00e0o l\u00e0 \u0111\u01a1n v\u1ecb duy nh\u1ea5t cung c\u1ea5p gi\u1ea3i ph\u00e1p h\u1ec7 sinh th\u00e1i \u0111\u00e0o t\u1ea1o tr\u1ef1c tuy\u1ebfn cho doanh nghi\u1ec7p g\u1ed3m d\u1ecbch v\u1ee5 s\u1ed1 ho\u00e1 n\u1ed9i dung, h\u1ec7 th\u1ed1ng qu\u1ea3n l\u00fd \u0111\u00e0o t\u1ea1o LMS v\u00e0 ch\u01b0\u01a1ng tr\u00ecnh \u0111\u00e0o t\u1ea1o tr\u1ef1c tuy\u1ebfn Gamelearn.","breadcrumb":{"@id":"https:\/\/amber.edu.vn\/home-page-2021\/#breadcrumb"},"inLanguage":"en-US","potentialAction":[{"@type":"ReadAction","target":["https:\/\/amber.edu.vn\/home-page-2021\/"]}]},{"@type":"BreadcrumbList","@id":"https:\/\/amber.edu.vn\/home-page-2021\/#breadcrumb","itemListElement":[{"@type":"ListItem","position":1,"name":"Home","item":"https:\/\/amber.edu.vn\/"},{"@type":"ListItem","position":2,"name":"Home Page 2021"}]},{"@type":"WebSite","@id":"https:\/\/amber.edu.vn\/#website","url":"https:\/\/amber.edu.vn\/","name":"Amber Online Education","description":"","publisher":{"@id":"https:\/\/amber.edu.vn\/#organization"},"potentialAction":[{"@type":"SearchAction","target":{"@type":"EntryPoint","urlTemplate":"https:\/\/amber.edu.vn\/?s={search_term_string}"},"query-input":"required name=search_term_string"}],"inLanguage":"en-US"},{"@type":"Organization","@id":"https:\/\/amber.edu.vn\/#organization","name":"Amber Online Education","url":"https:\/\/amber.edu.vn\/","logo":{"@type":"ImageObject","inLanguage":"en-US","@id":"https:\/\/amber.edu.vn\/#\/schema\/logo\/image\/","url":"https:\/\/amber.edu.vn\/wp-content\/uploads\/2021\/10\/hlogo-4.png","contentUrl":"https:\/\/amber.edu.vn\/wp-content\/uploads\/2021\/10\/hlogo-4.png","width":114,"height":53,"caption":"Amber Online Education"},"image":{"@id":"https:\/\/amber.edu.vn\/#\/schema\/logo\/image\/"}}]}},"_links":{"self":[{"href":"https:\/\/amber.edu.vn\/en\/wp-json\/wp\/v2\/pages\/10890"}],"collection":[{"href":"https:\/\/amber.edu.vn\/en\/wp-json\/wp\/v2\/pages"}],"about":[{"href":"https:\/\/amber.edu.vn\/en\/wp-json\/wp\/v2\/types\/page"}],"author":[{"embeddable":true,"href":"https:\/\/amber.edu.vn\/en\/wp-json\/wp\/v2\/users\/9"}],"replies":[{"embeddable":true,"href":"https:\/\/amber.edu.vn\/en\/wp-json\/wp\/v2\/comments?post=10890"}],"version-history":[{"count":3,"href":"https:\/\/amber.edu.vn\/en\/wp-json\/wp\/v2\/pages\/10890\/revisions"}],"predecessor-version":[{"id":18906,"href":"https:\/\/amber.edu.vn\/en\/wp-json\/wp\/v2\/pages\/10890\/revisions\/18906"}],"wp:attachment":[{"href":"https:\/\/amber.edu.vn\/en\/wp-json\/wp\/v2\/media?parent=10890"}],"curies":[{"name":"wp","href":"https:\/\/api.w.org\/{rel}","templated":true}]}}